{"id":35,"date":"2025-01-15T13:59:37","date_gmt":"2025-01-15T12:59:37","guid":{"rendered":"http:\/\/produs1.home.pl\/autoinstalator\/wordpress3\/?page_id=35"},"modified":"2025-01-16T11:08:53","modified_gmt":"2025-01-16T10:08:53","slug":"home-page","status":"publish","type":"page","link":"https:\/\/www.trenazery.com.pl\/","title":{"rendered":"Home page"},"content":{"rendered":"<div class=\"wp-block-image is-style-rounded\">\n<figure class=\"aligncenter is-resized\" style=\"margin-right:0;margin-left:0\"><a href=\"http:\/\/www.trenazery.com.pl\/wp-content\/uploads\/2013\/10\/VBS3_09_small.jpg\"><img decoding=\"async\" src=\"http:\/\/www.trenazery.com.pl\/wp-content\/uploads\/2013\/10\/VBS3_09_small.jpg\" alt=\"\" class=\"wp-image-2986\" style=\"width:746px;height:auto\"\/><\/a><\/figure>\n<\/div>\n\n\n<h2 class=\"wp-block-heading has-text-align-center\">Symulator Pola Walki<\/h2>\n\n\n\n<h5 class=\"wp-block-heading\">Oprogramowanie VBS4 jest w pe\u0142ni interaktywnym, tr\u00f3jwymiarowym \u015brodowiskiem syntetycznym generuj\u0105cym wirtualny poligon dostosowany do prowadzenia szerokiego wachlarza szkole\u0144 taktycznych, analiz wariant\u00f3w oraz eksperyment\u00f3w naukowych. VBS4 jest gotowym rozwi\u0105zaniem umo\u017cliwiaj\u0105cym symulacj\u0119 szerokiej gamy sytuacji na poziomie taktycznym.<\/h5>\n\n\n\n<figure class=\"wp-block-image\"><a href=\"http:\/\/www.trenazery.com.pl\/wp-content\/uploads\/2025\/01\/zarzadzanie-kryzysowe-zdjecie.png\"><img decoding=\"async\" src=\"http:\/\/www.trenazery.com.pl\/wp-content\/uploads\/2025\/01\/zarzadzanie-kryzysowe-zdjecie.png\" alt=\"\" class=\"wp-image-3197\"\/><\/a><\/figure>\n\n\n\n<h2 class=\"wp-block-heading has-text-align-center\">Zarz\u0105dzanie Kryzysowe<\/h2>\n\n\n\n<h5 class=\"wp-block-heading\">System Symulacyjny umo\u017cliwia szkolenie w zakresie zarz\u0105dzania kryzysowego po przez symulacj\u0119 r\u00f3\u017cnych sytuacji zale\u017cnie od zapotrzebowania klienta. Oprogramowanie pozwala na szkolenie nie tylko sztabu kryzysowego lecz tak\u017ce min. kierowc\u00f3w woz\u00f3w bojowych PSP\/OSP.<\/h5>\n\n\n\n<figure class=\"wp-block-image\"><a href=\"http:\/\/www.trenazery.com.pl\/wp-content\/uploads\/2013\/10\/VBS3_10_small.jpg\"><img decoding=\"async\" src=\"http:\/\/www.trenazery.com.pl\/wp-content\/uploads\/2013\/10\/VBS3_10_small.jpg\" alt=\"\" class=\"wp-image-2988\"\/><\/a><\/figure>\n\n\n\n<h2 class=\"wp-block-heading has-text-align-center\">Szkolenie administrator\u00f3w VBS4<\/h2>\n\n\n\n<p>Firma PRODUS SA prowadzi profesjonalne szkolenia z u\u017cytkowania symulator\u00f3w opartych o \u015brodowisko wirtualne VBS4 oraz szkolenia docelowych administrator\u00f3w\/instruktor\u00f3w platform symulacyjnych.<\/p>\n\n\n\n<h1 class=\"wp-block-heading has-text-align-center\">SYMULATORY i TRENA\u017bERY<\/h1>\n\n\n\n<h5 class=\"wp-block-heading\">To nowoczesne pomoce szkoleniowe przyczyniaj\u0105ce si\u0119 do poprawy zdolno\u015bci w zakresie efektywno\u015bci szkolenia (min. na nowo wdra\u017canych typach sprz\u0119tu), pozwalaj\u0105ce zmniejszy\u0107 koszty szkolenia.<\/h5>\n\n\n\n<figure class=\"wp-block-image\"><img decoding=\"async\" src=\"http:\/\/www.trenazery.com.pl\/wp-content\/uploads\/2013\/10\/tren_woj_home01.jpg\" alt=\"tren_woj_home01\" class=\"wp-image-2836\"\/><\/figure>\n\n\n\n<h3 class=\"wp-block-heading has-text-align-center\">Symulatory&nbsp;wojskowe<\/h3>\n\n\n\n<p>Zastosowanie symulator\u00f3w pozwala na zdobycie praktycznej wiedzy przez kursanta w ramach jego specjalizacji oraz znaczne zmniejszenie koszt\u00f3w szkolenia czy to ze wzgl\u0119du na amunicj\u0119 czy paliwo. Wsparcie programowe umo\u017cliwia wielokrotne przeprowadzenie tego samego scenariusza oraz bie\u017c\u0105c\u0105 analiz\u0119 poczyna\u0144 kursant\u00f3w.<\/p>\n\n\n\n<figure class=\"wp-block-image\"><a href=\"http:\/\/www.trenazery.com.pl\/wp-content\/uploads\/2013\/10\/tren_cyw_home01.jpg\"><img decoding=\"async\" src=\"http:\/\/www.trenazery.com.pl\/wp-content\/uploads\/2013\/10\/tren_cyw_home01.jpg\" alt=\"tren_cyw_home01\" class=\"wp-image-2835\"\/><\/a><\/figure>\n\n\n\n<h3 class=\"wp-block-heading has-text-align-center\">Symulatory cywilne<\/h3>\n\n\n\n<p>Ich zastosowanie okaza\u0142o si\u0119 niezb\u0119dne do prowadzenia szkole\u0144 pocz\u0105tkowych. Osobom, kt\u00f3re zostaj\u0105 wtajemniczone w obs\u0142ug\u0119 urz\u0105dzenia\/pojazdu w kontrolowanych warunkach znacznie \u0142atwiej jest przesi\u0105\u015b\u0107 si\u0119 na prawdziwy odpowiednik. Tak zgromadzone do\u015bwiadczenie skutecznie zmniejsza prawdopodobie\u0144stwo pope\u0142nienia b\u0142\u0119du oraz zwi\u0119ksza \u015bwiadomo\u015b\u0107 operatora w sytuacjach awaryjnych. Trena\u017cery wykorzystuje si\u0119 te\u017c w celu uzyskiwania certyfikat\u00f3w oraz sprawdzenia umiej\u0119tno\u015bci praktycznych.<\/p>\n\n\n\n<h3 class=\"wp-block-heading\">Nasze do\u015bwiadczenie<\/h3>\n\n\n\n<p>SYMULATOR KIEROWCY WOZU BOJOWEGO PSP<\/p>\n","protected":false},"excerpt":{"rendered":"<p>Symulator Pola Walki Oprogramowanie VBS4 jest w pe\u0142ni interaktywnym, tr\u00f3jwymiarowym \u015brodowiskiem syntetycznym generuj\u0105cym wirtualny poligon dostosowany do prowadzenia szerokiego wachlarza szkole\u0144 taktycznych, analiz wariant\u00f3w oraz eksperyment\u00f3w naukowych. VBS4 jest gotowym rozwi\u0105zaniem umo\u017cliwiaj\u0105cym symulacj\u0119 szerokiej gamy sytuacji na poziomie taktycznym. Zarz\u0105dzanie Kryzysowe System Symulacyjny umo\u017cliwia szkolenie w zakresie zarz\u0105dzania kryzysowego po przez symulacj\u0119 r\u00f3\u017cnych sytuacji zale\u017cnie [&hellip;]<\/p>\n","protected":false},"author":1,"featured_media":0,"parent":0,"menu_order":0,"comment_status":"closed","ping_status":"closed","template":"","meta":{"saved_in_kubio":true,"footnotes":""},"class_list":["post-35","page","type-page","status-publish","hentry"],"kubio_ai_page_context":{"short_desc":"","purpose":"general"},"_links":{"self":[{"href":"https:\/\/www.trenazery.com.pl\/index.php\/wp-json\/wp\/v2\/pages\/35","targetHints":{"allow":["GET"]}}],"collection":[{"href":"https:\/\/www.trenazery.com.pl\/index.php\/wp-json\/wp\/v2\/pages"}],"about":[{"href":"https:\/\/www.trenazery.com.pl\/index.php\/wp-json\/wp\/v2\/types\/page"}],"author":[{"embeddable":true,"href":"https:\/\/www.trenazery.com.pl\/index.php\/wp-json\/wp\/v2\/users\/1"}],"replies":[{"embeddable":true,"href":"https:\/\/www.trenazery.com.pl\/index.php\/wp-json\/wp\/v2\/comments?post=35"}],"version-history":[{"count":5,"href":"https:\/\/www.trenazery.com.pl\/index.php\/wp-json\/wp\/v2\/pages\/35\/revisions"}],"predecessor-version":[{"id":100,"href":"https:\/\/www.trenazery.com.pl\/index.php\/wp-json\/wp\/v2\/pages\/35\/revisions\/100"}],"wp:attachment":[{"href":"https:\/\/www.trenazery.com.pl\/index.php\/wp-json\/wp\/v2\/media?parent=35"}],"curies":[{"name":"wp","href":"https:\/\/api.w.org\/{rel}","templated":true}]}}